{"id":192,"date":"2018-02-12T19:19:15","date_gmt":"2018-02-12T19:19:15","guid":{"rendered":"http:\/\/tomtomkratz.de\/?page_id=192"},"modified":"2020-04-17T07:32:57","modified_gmt":"2020-04-17T07:32:57","slug":"home","status":"publish","type":"page","link":"https:\/\/tomtomkratz.de\/","title":{"rendered":"Zaubern &#8230; ohne Frack!"},"content":{"rendered":"<p><a href=\"http:\/\/tomtomkratz.de\/wp-content\/uploads\/2019\/11\/IMG-20191125-WA0000.jpg\"><img loading=\"lazy\" class=\"wp-image-388 aligncenter\" src=\"http:\/\/tomtomkratz.de\/wp-content\/uploads\/2019\/11\/IMG-20191125-WA0000-300x225.jpg\" alt=\"\" width=\"267\" height=\"200\" srcset=\"https:\/\/tomtomkratz.de\/wp-content\/uploads\/2019\/11\/IMG-20191125-WA0000-300x225.jpg 300w, https:\/\/tomtomkratz.de\/wp-content\/uploads\/2019\/11\/IMG-20191125-WA0000-768x576.jpg 768w, https:\/\/tomtomkratz.de\/wp-content\/uploads\/2019\/11\/IMG-20191125-WA0000.jpg 1024w\" sizes=\"(max-width: 267px) 100vw, 267px\" \/><\/a><\/p>\n<p>Nichts ber\u00fchrt mehr als die \u00dcberraschung, einfach das Unerwartete. Zauberei ist eine der sch\u00f6nsten Formen der Unterhaltung!<\/p>\n<p>Mit professioneller Tischzauberei schaffen Sie die M\u00f6glichkeit, dass Ihre G\u00e4ste Wunder erleben und das direkt vor deren Augen ohne Kameratricks. Dinge geschehen, die man genau verfolgen kann, die dennoch zu totaler \u00dcberraschung f\u00fchren. F\u00fcr jeden Tisch gibt es eine eigene Gala-Show!<\/p>\n<p>Standup-Zauberei schafft den Rahmen eines Theaters in jedem Raum. Wie in einer gro\u00dfen Zauber-Gala k\u00f6nnen Sie und Ihre G\u00e4ste eine Zauber-Show erleben, aber quasi hautnah! Ohne gro\u00dfe Distanz und mit maximal m\u00f6glicher Interaktion.<\/p>\n<p>Zauberei von mir ist professionelles Entertainment und schafft damit die emotionalen R\u00e4ume, die Ihren G\u00e4sten ein au\u00dferordentliches Erlebnis bieten.<\/p>\n<p>Gerne infomiere ich Sie \u00fcber die M\u00f6glichkeiten und freue mich von Ihnen zu h\u00f6ren!<\/p>\n<p>Tel. +49 172 826 26 23<\/p>\n<p>Mail: <a href=\"mailto:tom@tomtomkratz.de\">tom@tomtomkratz.de<\/a><\/p>\n<p>Bis dahin st\u00f6bern Sie doch einfach ein bi\u00dfchen auf meiner Seite herum.<\/p>\n<p>Bis bald, liebe Gr\u00fc\u00dfe und bleiben Sie gesund!<\/p>\n<p>Tom Kratz<\/p>\n","protected":false},"excerpt":{"rendered":"<p>Nichts ber\u00fchrt mehr als die \u00dcberraschung, einfach das Unerwartete. Zauberei ist eine der sch\u00f6nsten Formen der Unterhaltung! Mit professioneller Tischzauberei schaffen Sie die M\u00f6glichkeit, dass Ihre G\u00e4ste Wunder erleben und das direkt vor deren Augen ohne Kameratricks. Dinge geschehen, die man genau verfolgen kann, die dennoch zu totaler \u00dcberraschung f\u00fchren&#8230;.<\/p>\n","protected":false},"author":1,"featured_media":0,"parent":0,"menu_order":0,"comment_status":"closed","ping_status":"closed","template":"","meta":[],"_links":{"self":[{"href":"https:\/\/tomtomkratz.de\/index.php?rest_route=\/wp\/v2\/pages\/192"}],"collection":[{"href":"https:\/\/tomtomkratz.de\/index.php?rest_route=\/wp\/v2\/pages"}],"about":[{"href":"https:\/\/tomtomkratz.de\/index.php?rest_route=\/wp\/v2\/types\/page"}],"author":[{"embeddable":true,"href":"https:\/\/tomtomkratz.de\/index.php?rest_route=\/wp\/v2\/users\/1"}],"replies":[{"embeddable":true,"href":"https:\/\/tomtomkratz.de\/index.php?rest_route=%2Fwp%2Fv2%2Fcomments&post=192"}],"version-history":[{"count":14,"href":"https:\/\/tomtomkratz.de\/index.php?rest_route=\/wp\/v2\/pages\/192\/revisions"}],"predecessor-version":[{"id":453,"href":"https:\/\/tomtomkratz.de\/index.php?rest_route=\/wp\/v2\/pages\/192\/revisions\/453"}],"wp:attachment":[{"href":"https:\/\/tomtomkratz.de\/index.php?rest_route=%2Fwp%2Fv2%2Fmedia&parent=192"}],"curies":[{"name":"wp","href":"https:\/\/api.w.org\/{rel}","templated":true}]}}